{"id":270,"date":"2016-08-02T15:16:23","date_gmt":"2016-08-02T13:16:23","guid":{"rendered":"http:\/\/allende-carpinteria.com\/?page_id=270"},"modified":"2020-12-14T20:58:20","modified_gmt":"2020-12-14T18:58:20","slug":"locales","status":"publish","type":"page","link":"https:\/\/allende-carpinteria.com\/index.php\/locales\/","title":{"rendered":"Locales"},"content":{"rendered":"<style id=\"bwg-style-0\">    #bwg_container1_0 #bwg_container2_0 .bwg-container-0.bwg-standard-thumbnails {      width: 904px;              justify-content: center;        margin:0 auto !important;              background-color: rgba(255, 255, 255, 0.00);            padding-left: 4px;      padding-top: 4px;      max-width: 100%;            }        #bwg_container1_0 #bwg_container2_0 .bwg-container-0.bwg-standard-thumbnails .bwg-item {      justify-content: flex-start;      max-width: 300px;          }    #bwg_container1_0 #bwg_container2_0 .bwg-container-0.bwg-standard-thumbnails .bwg-item > a {       margin-right: 4px;       margin-bottom: 4px;    }    #bwg_container1_0 #bwg_container2_0 .bwg-container-0.bwg-standard-thumbnails .bwg-item0 {      padding: 0px;            background-color:rgba(255,255,255, 0.30);      border: 0px none #CCCCCC;      opacity: 1.00;      border-radius: 0;      box-shadow: 0px 0px 0px #888888;    }    #bwg_container1_0 #bwg_container2_0 .bwg-container-0.bwg-standard-thumbnails .bwg-item1 img {      max-height: none;      max-width: none;      padding: 0 !important;    }        @media only screen and (min-width: 480px) {      #bwg_container1_0 #bwg_container2_0 .bwg-container-0.bwg-standard-thumbnails .bwg-item0 {        transition: all 0.3s ease 0s;-webkit-transition: all 0.3s ease 0s;      }      #bwg_container1_0 #bwg_container2_0 .bwg-container-0.bwg-standard-thumbnails .bwg-item0:hover {        -ms-transform: scale(1.1);        -webkit-transform: scale(1.1);        transform: scale(1.1);      }    }          #bwg_container1_0 #bwg_container2_0 .bwg-container-0.bwg-standard-thumbnails .bwg-item1 {      padding-top: 100%;    }        #bwg_container1_0 #bwg_container2_0 .bwg-container-0.bwg-standard-thumbnails .bwg-title2,    #bwg_container1_0 #bwg_container2_0 .bwg-container-0.bwg-standard-thumbnails .bwg-ecommerce2 {      color: #CCCCCC;      font-family: segoe ui;      font-size: 16px;      font-weight: bold;      padding: 2px;      text-shadow: 0px 0px 0px #888888;      max-height: 100%;    }    #bwg_container1_0 #bwg_container2_0 .bwg-container-0.bwg-standard-thumbnails .bwg-thumb-description span {    color: #323A45;    font-family: Ubuntu;    font-size: 12px;    max-height: 100%;    word-wrap: break-word;    }    #bwg_container1_0 #bwg_container2_0 .bwg-container-0.bwg-standard-thumbnails .bwg-play-icon2 {      font-size: 32px;    }    #bwg_container1_0 #bwg_container2_0 .bwg-container-0.bwg-standard-thumbnails .bwg-ecommerce2 {      font-size: 19.2px;      color: #CCCCCC;    }    <\/style>    <div id=\"bwg_container1_0\"         class=\"bwg_container bwg_thumbnail bwg_thumbnails\"         data-right-click-protection=\"1\"         data-bwg=\"0\"         data-gallery-type=\"thumbnails\"         data-current-url=\"https:\/\/allende-carpinteria.com\/index.php\/wp-json\/wp\/v2\/pages\/270\"         data-lightbox-url=\"https:\/\/allende-carpinteria.com\/wp-admin\/admin-ajax.php?action=GalleryBox&#038;current_view=0&#038;gallery_id=8&#038;tag=0&#038;theme_id=1&#038;shortcode_id=9&#038;sort_by=order&#038;order_by=asc&#038;current_url=https%3A%2F%2Fallende-carpinteria.com%2Findex.php%2Fwp-json%2Fwp%2Fv2%2Fpages%2F270\"         data-gallery-id=\"8\"         data-popup-width=\"800\"         data-popup-height=\"500\"         data-is-album=\"gallery\"         data-buttons-position=\"bottom\">      <div id=\"bwg_container2_0\">             <div id=\"ajax_loading_0\" class=\"bwg_loading_div_1\">      <div class=\"bwg_loading_div_2\">        <div class=\"bwg_loading_div_3\">          <div id=\"loading_div_0\" class=\"bwg_spider_ajax_loading\">          <\/div>        <\/div>      <\/div>    <\/div>            <form id=\"gal_front_form_0\"              class=\"bwg-hidden\"              method=\"post\"              action=\"#\"              data-current=\"0\"              data-shortcode-id=\"9\"              data-gallery-type=\"thumbnails\"              data-gallery-id=\"8\"              data-tag=\"0\"              data-album-id=\"0\"              data-theme-id=\"1\"              data-ajax-url=\"https:\/\/allende-carpinteria.com\/wp-admin\/admin-ajax.php?action=bwg_frontend_data\">          <div id=\"bwg_container3_0\" class=\"bwg-background bwg-background-0\">                <div data-max-count=\"3\"         data-thumbnail-width=\"300\"         data-bwg=\"0\"         data-gallery-id=\"8\"         data-lightbox-url=\"https:\/\/allende-carpinteria.com\/wp-admin\/admin-ajax.php?action=GalleryBox&amp;current_view=0&amp;gallery_id=8&amp;tag=0&amp;theme_id=1&amp;shortcode_id=9&amp;sort_by=order&amp;order_by=asc&amp;current_url=https%3A%2F%2Fallende-carpinteria.com%2Findex.php%2Fwp-json%2Fwp%2Fv2%2Fpages%2F270\"         id=\"bwg_thumbnails_0\"         class=\"bwg-container-0 bwg-thumbnails bwg-standard-thumbnails bwg-container bwg-border-box\">            <div class=\"bwg-item\">        <a class=\"bwg-a bwg_lightbox\"  data-image-id=\"67\" href=\"https:\/\/allende-carpinteria.com\/wp-content\/uploads\/photo-gallery\/pared-madera-bar.jpg?bwg=1607952103\" data-elementor-open-lightbox=\"no\">                <div class=\"bwg-item0 \">          <div class=\"bwg-item1 \">            <div class=\"bwg-item2\">              <img class=\"skip-lazy bwg_standart_thumb_img_0 \"                   data-id=\"67\"                   data-width=\"200\"                   data-height=\"300\"                   data-src=\"https:\/\/allende-carpinteria.com\/wp-content\/uploads\/photo-gallery\/thumb\/pared-madera-bar.jpg?bwg=1607952103\"                   src=\"https:\/\/allende-carpinteria.com\/wp-content\/uploads\/photo-gallery\/thumb\/pared-madera-bar.jpg?bwg=1607952103\"                   alt=\"pared-madera-bar\"                   title=\"pared-madera-bar\" \/>            <\/div>            <div class=\"\">                                                      <\/div>          <\/div>        <\/div>                        <\/a>              <\/div>            <div class=\"bwg-item\">        <a class=\"bwg-a bwg_lightbox\"  data-image-id=\"65\" href=\"https:\/\/allende-carpinteria.com\/wp-content\/uploads\/photo-gallery\/terraza-madera-bar-birreria.jpg?bwg=1607952103\" data-elementor-open-lightbox=\"no\">                <div class=\"bwg-item0 \">          <div class=\"bwg-item1 \">            <div class=\"bwg-item2\">              <img class=\"skip-lazy bwg_standart_thumb_img_0 \"                   data-id=\"65\"                   data-width=\"300\"                   data-height=\"206\"                   data-src=\"https:\/\/allende-carpinteria.com\/wp-content\/uploads\/photo-gallery\/thumb\/terraza-madera-bar-birreria.jpg?bwg=1607952103\"                   src=\"https:\/\/allende-carpinteria.com\/wp-content\/uploads\/photo-gallery\/thumb\/terraza-madera-bar-birreria.jpg?bwg=1607952103\"                   alt=\"terraza-madera-bar-birreria \"                   title=\"terraza-madera-bar-birreria \" \/>            <\/div>            <div class=\"\">                                                      <\/div>          <\/div>        <\/div>                        <\/a>              <\/div>            <div class=\"bwg-item\">        <a class=\"bwg-a bwg_lightbox\"  data-image-id=\"64\" href=\"https:\/\/allende-carpinteria.com\/wp-content\/uploads\/photo-gallery\/entrada-bar-madera-birreria.jpg?bwg=1607952103\" data-elementor-open-lightbox=\"no\">                <div class=\"bwg-item0 \">          <div class=\"bwg-item1 \">            <div class=\"bwg-item2\">              <img class=\"skip-lazy bwg_standart_thumb_img_0 \"                   data-id=\"64\"                   data-width=\"300\"                   data-height=\"198\"                   data-src=\"https:\/\/allende-carpinteria.com\/wp-content\/uploads\/photo-gallery\/thumb\/entrada-bar-madera-birreria.jpg?bwg=1607952103\"                   src=\"https:\/\/allende-carpinteria.com\/wp-content\/uploads\/photo-gallery\/thumb\/entrada-bar-madera-birreria.jpg?bwg=1607952103\"                   alt=\"entrada-bar-madera-birreria \"                   title=\"entrada-bar-madera-birreria \" \/>            <\/div>            <div class=\"\">                                                      <\/div>          <\/div>        <\/div>                        <\/a>              <\/div>            <div class=\"bwg-item\">        <a class=\"bwg-a bwg_lightbox\"  data-image-id=\"63\" href=\"https:\/\/allende-carpinteria.com\/wp-content\/uploads\/photo-gallery\/bar-madera-birreria-terraza-entrada.jpg?bwg=1607952103\" data-elementor-open-lightbox=\"no\">                <div class=\"bwg-item0 \">          <div class=\"bwg-item1 \">            <div class=\"bwg-item2\">              <img class=\"skip-lazy bwg_standart_thumb_img_0 \"                   data-id=\"63\"                   data-width=\"300\"                   data-height=\"207\"                   data-src=\"https:\/\/allende-carpinteria.com\/wp-content\/uploads\/photo-gallery\/thumb\/bar-madera-birreria-terraza-entrada.jpg?bwg=1607952103\"                   src=\"https:\/\/allende-carpinteria.com\/wp-content\/uploads\/photo-gallery\/thumb\/bar-madera-birreria-terraza-entrada.jpg?bwg=1607952103\"                   alt=\"bar-madera-birreria-terraza-entrada \"                   title=\"bar-madera-birreria-terraza-entrada \" \/>            <\/div>            <div class=\"\">                                                      <\/div>          <\/div>        <\/div>                        <\/a>              <\/div>          <\/div>              <\/div>        <\/form>        <style>          #bwg_container1_0 #bwg_container2_0 #spider_popup_overlay_0 {          background-color: #000000;          opacity: 0.70;          }          <\/style>        <div id=\"bwg_spider_popup_loading_0\" class=\"bwg_spider_popup_loading\"><\/div>        <div id=\"spider_popup_overlay_0\" class=\"spider_popup_overlay\" onclick=\"spider_destroypopup(1000)\"><\/div>        <input type=\"hidden\" id=\"bwg_random_seed_0\" value=\"579518529\">                <\/div>    <\/div>    <script>      if (document.readyState === 'complete') {        if( typeof bwg_main_ready == 'function' ) {          if ( jQuery(\"#bwg_container1_0\").height() ) {            bwg_main_ready(jQuery(\"#bwg_container1_0\"));          }        }      } else {        document.addEventListener('DOMContentLoaded', function() {          if( typeof bwg_main_ready == 'function' ) {            if ( jQuery(\"#bwg_container1_0\").height() ) {             bwg_main_ready(jQuery(\"#bwg_container1_0\"));            }          }        });      }    <\/script>    \n","protected":false},"excerpt":{"rendered":"","protected":false},"author":1,"featured_media":0,"parent":0,"menu_order":0,"comment_status":"closed","ping_status":"closed","template":"","meta":[],"yoast_head":"<!-- This site is optimized with the Yoast SEO plugin v18.5.1 - https:\/\/yoast.com\/wordpress\/plugins\/seo\/ -->\n<title>Negocios y locales de madera - Carpinteria Ebanisteria Allende<\/title>\n<meta name=\"description\" content=\"Construcciones y reformas de locales. Tejados, tejadillos, porches, ventanas, puertas, suelo, mobiliario y mucho m\u00e1s.\" \/>\n<meta name=\"robots\" content=\"index, follow, max-snippet:-1, max-image-preview:large, max-video-preview:-1\" \/>\n<link rel=\"canonical\" href=\"https:\/\/allende-carpinteria.com\/index.php\/locales\/\" \/>\n<meta property=\"og:locale\" content=\"es_ES\" \/>\n<meta property=\"og:type\" content=\"article\" \/>\n<meta property=\"og:title\" content=\"Negocios y locales de madera - Carpinteria Ebanisteria Allende\" \/>\n<meta property=\"og:description\" content=\"Construcciones y reformas de locales. Tejados, tejadillos, porches, ventanas, puertas, suelo, mobiliario y mucho m\u00e1s.\" \/>\n<meta property=\"og:url\" content=\"https:\/\/allende-carpinteria.com\/index.php\/locales\/\" \/>\n<meta property=\"og:site_name\" content=\"Carpinter\u00eda Ebanister\u00eda Allende\" \/>\n<meta property=\"article:publisher\" content=\"https:\/\/www.facebook.com\/allendecarpinteria\" \/>\n<meta property=\"article:modified_time\" content=\"2020-12-14T18:58:20+00:00\" \/>\n<meta name=\"twitter:card\" content=\"summary\" \/>\n<script type=\"application\/ld+json\" class=\"yoast-schema-graph\">{\"@context\":\"https:\/\/schema.org\",\"@graph\":[{\"@type\":\"WebSite\",\"@id\":\"https:\/\/allende-carpinteria.com\/#website\",\"url\":\"https:\/\/allende-carpinteria.com\/\",\"name\":\"Carpinter\u00eda Ebanister\u00eda Allende\",\"description\":\"Carpinter\u00eda Allende\",\"potentialAction\":[{\"@type\":\"SearchAction\",\"target\":{\"@type\":\"EntryPoint\",\"urlTemplate\":\"https:\/\/allende-carpinteria.com\/?s={search_term_string}\"},\"query-input\":\"required name=search_term_string\"}],\"inLanguage\":\"es\"},{\"@type\":\"WebPage\",\"@id\":\"https:\/\/allende-carpinteria.com\/index.php\/locales\/#webpage\",\"url\":\"https:\/\/allende-carpinteria.com\/index.php\/locales\/\",\"name\":\"Negocios y locales de madera - Carpinteria Ebanisteria Allende\",\"isPartOf\":{\"@id\":\"https:\/\/allende-carpinteria.com\/#website\"},\"datePublished\":\"2016-08-02T13:16:23+00:00\",\"dateModified\":\"2020-12-14T18:58:20+00:00\",\"description\":\"Construcciones y reformas de locales. Tejados, tejadillos, porches, ventanas, puertas, suelo, mobiliario y mucho m\u00e1s.\",\"breadcrumb\":{\"@id\":\"https:\/\/allende-carpinteria.com\/index.php\/locales\/#breadcrumb\"},\"inLanguage\":\"es\",\"potentialAction\":[{\"@type\":\"ReadAction\",\"target\":[\"https:\/\/allende-carpinteria.com\/index.php\/locales\/\"]}]},{\"@type\":\"BreadcrumbList\",\"@id\":\"https:\/\/allende-carpinteria.com\/index.php\/locales\/#breadcrumb\",\"itemListElement\":[{\"@type\":\"ListItem\",\"position\":1,\"name\":\"Portada\",\"item\":\"https:\/\/allende-carpinteria.com\/\"},{\"@type\":\"ListItem\",\"position\":2,\"name\":\"Locales\"}]}]}<\/script>\n<!-- \/ Yoast SEO plugin. -->","yoast_head_json":{"title":"Negocios y locales de madera - Carpinteria Ebanisteria Allende","description":"Construcciones y reformas de locales. Tejados, tejadillos, porches, ventanas, puertas, suelo, mobiliario y mucho m\u00e1s.","robots":{"index":"index","follow":"follow","max-snippet":"max-snippet:-1","max-image-preview":"max-image-preview:large","max-video-preview":"max-video-preview:-1"},"canonical":"https:\/\/allende-carpinteria.com\/index.php\/locales\/","og_locale":"es_ES","og_type":"article","og_title":"Negocios y locales de madera - Carpinteria Ebanisteria Allende","og_description":"Construcciones y reformas de locales. Tejados, tejadillos, porches, ventanas, puertas, suelo, mobiliario y mucho m\u00e1s.","og_url":"https:\/\/allende-carpinteria.com\/index.php\/locales\/","og_site_name":"Carpinter\u00eda Ebanister\u00eda Allende","article_publisher":"https:\/\/www.facebook.com\/allendecarpinteria","article_modified_time":"2020-12-14T18:58:20+00:00","twitter_card":"summary","schema":{"@context":"https:\/\/schema.org","@graph":[{"@type":"WebSite","@id":"https:\/\/allende-carpinteria.com\/#website","url":"https:\/\/allende-carpinteria.com\/","name":"Carpinter\u00eda Ebanister\u00eda Allende","description":"Carpinter\u00eda Allende","potentialAction":[{"@type":"SearchAction","target":{"@type":"EntryPoint","urlTemplate":"https:\/\/allende-carpinteria.com\/?s={search_term_string}"},"query-input":"required name=search_term_string"}],"inLanguage":"es"},{"@type":"WebPage","@id":"https:\/\/allende-carpinteria.com\/index.php\/locales\/#webpage","url":"https:\/\/allende-carpinteria.com\/index.php\/locales\/","name":"Negocios y locales de madera - Carpinteria Ebanisteria Allende","isPartOf":{"@id":"https:\/\/allende-carpinteria.com\/#website"},"datePublished":"2016-08-02T13:16:23+00:00","dateModified":"2020-12-14T18:58:20+00:00","description":"Construcciones y reformas de locales. Tejados, tejadillos, porches, ventanas, puertas, suelo, mobiliario y mucho m\u00e1s.","breadcrumb":{"@id":"https:\/\/allende-carpinteria.com\/index.php\/locales\/#breadcrumb"},"inLanguage":"es","potentialAction":[{"@type":"ReadAction","target":["https:\/\/allende-carpinteria.com\/index.php\/locales\/"]}]},{"@type":"BreadcrumbList","@id":"https:\/\/allende-carpinteria.com\/index.php\/locales\/#breadcrumb","itemListElement":[{"@type":"ListItem","position":1,"name":"Portada","item":"https:\/\/allende-carpinteria.com\/"},{"@type":"ListItem","position":2,"name":"Locales"}]}]}},"_links":{"self":[{"href":"https:\/\/allende-carpinteria.com\/index.php\/wp-json\/wp\/v2\/pages\/270"}],"collection":[{"href":"https:\/\/allende-carpinteria.com\/index.php\/wp-json\/wp\/v2\/pages"}],"about":[{"href":"https:\/\/allende-carpinteria.com\/index.php\/wp-json\/wp\/v2\/types\/page"}],"author":[{"embeddable":true,"href":"https:\/\/allende-carpinteria.com\/index.php\/wp-json\/wp\/v2\/users\/1"}],"replies":[{"embeddable":true,"href":"https:\/\/allende-carpinteria.com\/index.php\/wp-json\/wp\/v2\/comments?post=270"}],"version-history":[{"count":4,"href":"https:\/\/allende-carpinteria.com\/index.php\/wp-json\/wp\/v2\/pages\/270\/revisions"}],"predecessor-version":[{"id":493,"href":"https:\/\/allende-carpinteria.com\/index.php\/wp-json\/wp\/v2\/pages\/270\/revisions\/493"}],"wp:attachment":[{"href":"https:\/\/allende-carpinteria.com\/index.php\/wp-json\/wp\/v2\/media?parent=270"}],"curies":[{"name":"wp","href":"https:\/\/api.w.org\/{rel}","templated":true}]}}